{"id":42,"date":"2026-02-25T14:58:01","date_gmt":"2026-02-25T07:58:01","guid":{"rendered":"https:\/\/cm88k.site\/?page_id=42"},"modified":"2026-02-25T19:47:06","modified_gmt":"2026-02-25T12:47:06","slug":"trang-chu","status":"publish","type":"page","link":"https:\/\/cm88k.site\/","title":{"rendered":"TRANG CH\u1ee6"},"content":{"rendered":"<div class=\"slider-wrapper relative\" id=\"slider-1842494076\" >\n    <div class=\"slider slider-nav-circle slider-nav-large slider-nav-light slider-style-normal\"\n        data-flickity-options='{\n            \"cellAlign\": \"center\",\n            \"imagesLoaded\": true,\n            \"lazyLoad\": 1,\n            \"freeScroll\": false,\n            \"wrapAround\": true,\n            \"autoPlay\": 6000,\n            \"pauseAutoPlayOnHover\" : true,\n            \"prevNextButtons\": true,\n            \"contain\" : true,\n            \"adaptiveHeight\" : true,\n            \"dragThreshold\" : 10,\n            \"percentPosition\": true,\n            \"pageDots\": true,\n            \"rightToLeft\": false,\n            \"draggable\": true,\n            \"selectedAttraction\": 0.1,\n            \"parallax\" : 0,\n            \"friction\": 0.6        }'\n        >\n        \n\t<div class=\"img has-hover x md-x lg-x y md-y lg-y\" id=\"image_1840703420\">\n\t\t\t\t\t\t\t\t<div class=\"img-inner dark\" >\n\t\t\t<img loading=\"lazy\" decoding=\"async\" width=\"2048\" height=\"512\" src=\"https:\/\/cm88k.site\/wp-content\/uploads\/2026\/02\/banner-cm88.gg_-2048x512-1.png\" class=\"attachment-original size-original\" alt=\"\" srcset=\"https:\/\/cm88k.site\/wp-content\/uploads\/2026\/02\/banner-cm88.gg_-2048x512-1.png 2048w, https:\/\/cm88k.site\/wp-content\/uploads\/2026\/02\/banner-cm88.gg_-2048x512-1-300x75.png 300w, https:\/\/cm88k.site\/wp-content\/uploads\/2026\/02\/banner-cm88.gg_-2048x512-1-1024x256.png 1024w, https:\/\/cm88k.site\/wp-content\/uploads\/2026\/02\/banner-cm88.gg_-2048x512-1-768x192.png 768w, https:\/\/cm88k.site\/wp-content\/uploads\/2026\/02\/banner-cm88.gg_-2048x512-1-1536x384.png 1536w\" sizes=\"auto, (max-width: 2048px) 100vw, 2048px\" \/>\t\t\t\t\t\t\n\t\t\t\t\t<\/div>\n\t\t\t\t\t\t\t\t\n<style>\n#image_1840703420 {\n  width: 100%;\n}\n<\/style>\n\t<\/div>\n\t\n     <\/div>\n\n     <div class=\"loading-spin dark large centered\"><\/div>\n\n\t<\/div>\n\n\n\t<section class=\"section\" id=\"section_1162457097\">\n\t\t<div class=\"bg section-bg fill bg-fill  bg-loaded\" >\n\n\t\t\t\n\t\t\t\n\t\t\t\n\n\t\t<\/div>\n\n\t\t\n\n\t\t<div class=\"section-content relative\">\n\t\t\t\n<div class=\"row\"  id=\"row-152159714\">\n\n\t<div id=\"col-491729781\" class=\"col small-12 large-12\"  >\n\t\t\t\t<div class=\"col-inner\"  >\n\t\t\t\n\t\t\t\n<div class=\"container section-title-container\">\n<h1 style=\"text-align: center;\" data-start=\"1200\" data-end=\"1277\"><strong>CM88 | cm88.com \u2013 Trang Ch\u1ee7 C\u00e1 C\u01b0\u1ee3c Tr\u1ef1c Tuy\u1ebfn H\u00e0ng \u0110\u1ea7u<\/strong><\/h1>\n<p><a href=\"https:\/\/cm88k.site\/\"><strong>CM88<\/strong><\/a>\u00a0l\u00e0 nh\u00e0 c\u00e1i c\u00e1 c\u01b0\u1ee3c tr\u1ef1c tuy\u1ebfn th\u1ebf h\u1ec7 m\u1edbi ra m\u1eaft t\u1ea1i Vi\u1ec7t Nam n\u0103m 2025, nhanh ch\u00f3ng t\u1ea1o d\u1ea5u \u1ea5n nh\u1edd m\u00f4 h\u00ecnh ho\u1ea1t \u0111\u1ed9ng minh b\u1ea1ch, uy t\u00edn v\u00e0 chuy\u00ean nghi\u1ec7p. Th\u01b0\u01a1ng hi\u1ec7u ph\u1ed5 bi\u1ebfn r\u1ed9ng r\u00e3i t\u1ea1i nhi\u1ec1u qu\u1ed1c gia ch\u00e2u \u00c1 v\u00e0 ghi nh\u1eadn h\u01a1n 1,5 tri\u1ec7u t\u00e0i kho\u1ea3n \u0111\u0103ng k\u00fd ch\u1ec9 sau 2 th\u00e1ng ra m\u1eaft.\u00a0<strong>CM88<\/strong>\u00a0\u0111\u01b0\u1ee3c c\u1ea5p ph\u00e9p b\u1edfi Isle of Man v\u00e0 Cagayan Economic Zone &amp; Freeport, \u0111\u1ea3m b\u1ea3o m\u00f4i tr\u01b0\u1eddng gi\u1ea3i tr\u00ed an to\u00e0n, c\u00f4ng b\u1eb1ng. Ng\u01b0\u1eddi ch\u01a1i khi tham gia \u0111\u01b0\u1ee3c tr\u1ea3i nghi\u1ec7m h\u1ec7 th\u1ed1ng \u1ed5n \u0111\u1ecbnh, x\u1eed l\u00fd nhanh, t\u1ef7 l\u1ec7 th\u01b0\u1edfng h\u1ea5p d\u1eabn c\u00f9ng ch\u00ednh s\u00e1ch ho\u00e0n tr\u1ea3 l\u00ean \u0111\u1ebfn 1,5%.<\/p>\n<p data-start=\"1541\" data-end=\"1831\"><strong>Th\u01b0\u01a1ng hi\u1ec7u CM88<\/strong>\u00a0\u0111\u01b0\u1ee3c c\u1ea5p ph\u00e9p ho\u1ea1t \u0111\u1ed9ng b\u1edfi\u00a0<strong data-start=\"1586\" data-end=\"1601\">Isle of Man<\/strong>\u00a0v\u00e0\u00a0<strong data-start=\"1605\" data-end=\"1641\">Cagayan Economic Zone &amp; Freeport<\/strong>, \u0111\u1ea3m b\u1ea3o tu\u00e2n th\u1ee7 c\u00e1c ti\u00eau chu\u1ea9n ph\u00e1p l\u00fd qu\u1ed1c t\u1ebf trong l\u0129nh v\u1ef1c gi\u1ea3i tr\u00ed tr\u1ef1c tuy\u1ebfn. \u0110i\u1ec1u n\u00e0y gi\u00fap ng\u01b0\u1eddi ch\u01a1i an t\u00e2m tham gia trong m\u00f4i tr\u01b0\u1eddng c\u00f4ng b\u1eb1ng, an to\u00e0n v\u00e0 \u0111\u01b0\u1ee3c ki\u1ec3m so\u00e1t ch\u1eb7t ch\u1ebd.<\/p>\n<p data-start=\"1833\" data-end=\"2123\">D\u00f9 l\u00e0 nh\u00e0 c\u00e1i m\u1edbi,\u00a0<strong>CM88<\/strong>\u00a0\u0111\u00e3 thu h\u00fat \u0111\u00f4ng \u0111\u1ea3o ng\u01b0\u1eddi ch\u01a1i nh\u1edd\u00a0<strong data-start=\"1892\" data-end=\"1916\">giao di\u1ec7n d\u1ec5 s\u1eed d\u1ee5ng<\/strong>,\u00a0<strong data-start=\"1918\" data-end=\"1943\">t\u1ef7 l\u1ec7 c\u01b0\u1ee3c c\u1ea1nh tranh<\/strong>\u00a0c\u00f9ng h\u1ec7 sinh th\u00e1i h\u01a1n\u00a0<strong data-start=\"1966\" data-end=\"1984\">2.000 tr\u00f2 ch\u01a1i<\/strong>\u00a0\u0111a d\u1ea1ng nh\u01b0: c\u00e1 c\u01b0\u1ee3c th\u1ec3 thao, casino tr\u1ef1c tuy\u1ebfn, baccarat, t\u00e0i x\u1ec9u, x\u1ed5 s\u1ed1, slot game, b\u1eafn c\u00e1 3D v\u00e0 nhi\u1ec1u s\u1ea3n ph\u1ea9m gi\u1ea3i tr\u00ed hi\u1ec7n \u0111\u1ea1i kh\u00e1c.<\/p>\n<p data-start=\"2125\" data-end=\"2350\"><strong>Trang ch\u1ee7 CM88<\/strong>\u00a0\u0111\u01b0\u1ee3c ph\u00e1t tri\u1ec3n tr\u00ean n\u1ec1n t\u1ea3ng c\u00f4ng ngh\u1ec7 b\u1ea3o m\u1eadt\u00a0<strong data-start=\"2188\" data-end=\"2203\">SSL 256-bit<\/strong>, k\u1ebft h\u1ee3p h\u1ec7 th\u1ed1ng x\u1eed l\u00fd th\u00f4ng minh v\u00e0 t\u1ed1c \u0111\u1ed9 t\u1ea3i nhanh, mang l\u1ea1i tr\u1ea3i nghi\u1ec7m m\u01b0\u1ee3t m\u00e0 tr\u00ean m\u1ecdi thi\u1ebft b\u1ecb, t\u1eeb m\u00e1y t\u00ednh \u0111\u1ebfn \u0111i\u1ec7n tho\u1ea1i Android v\u00e0 iOS.<\/p>\n<p data-start=\"2352\" data-end=\"2616\">B\u00ean c\u1ea1nh \u0111\u00f3,\u00a0<strong>CM88<\/strong>\u00a0h\u1ed7 tr\u1ee3 n\u1ea1p \u2013 r\u00fat ti\u1ec1n linh ho\u1ea1t th\u00f4ng qua nhi\u1ec1u\u00a0<strong data-start=\"2418\" data-end=\"2448\">ng\u00e2n h\u00e0ng l\u1edbn t\u1ea1i Vi\u1ec7t Nam<\/strong>\u00a0nh\u01b0 Vietcombank, BIDV, Techcombank c\u00f9ng c\u00e1c v\u00ed \u0111i\u1ec7n t\u1eed ph\u1ed5 bi\u1ebfn nh\u01b0 MoMo, ZaloPay, ViettelPay. Th\u1eddi gian giao d\u1ecbch ch\u1ec9 t\u1eeb\u00a0<strong data-start=\"2571\" data-end=\"2583\">1\u20133 ph\u00fat<\/strong>, \u0111\u1ea3m b\u1ea3o nhanh ch\u00f3ng v\u00e0 an to\u00e0n.<\/p>\n<p data-start=\"2618\" data-end=\"2728\">Ng\u01b0\u1eddi ch\u01a1i \u0111\u0103ng k\u00fd t\u00e0i kho\u1ea3n t\u1ea1i\u00a0<strong data-start=\"2651\" data-end=\"2679\">link ch\u00ednh th\u1ee9c: <a href=\"https:\/\/cm88k.site\/\">https:\/\/cm88k.site\/ <\/a><\/strong>s\u1ebd c\u00f3 c\u01a1 h\u1ed9i nh\u1eadn nhi\u1ec1u \u01b0u \u0111\u00e3i h\u1ea5p d\u1eabn, bao g\u1ed3m:<\/p>\n<ul data-start=\"2729\" data-end=\"3015\">\n<li data-start=\"2729\" data-end=\"2774\">\n<p data-start=\"2731\" data-end=\"2774\">\ud83c\udf81 Th\u01b0\u1edfng \u0111\u0103ng k\u00fd mi\u1ec5n ph\u00ed l\u00ean \u0111\u1ebfn\u00a0<strong data-start=\"2766\" data-end=\"2773\">88K<\/strong>.<\/p>\n<\/li>\n<li data-start=\"2775\" data-end=\"2829\">\n<p data-start=\"2777\" data-end=\"2829\">\ud83d\udcb0 Th\u01b0\u1edfng n\u1ea1p l\u1ea7n \u0111\u1ea7u\u00a0<strong data-start=\"2799\" data-end=\"2815\">100% gi\u00e1 tr\u1ecb<\/strong>, h\u1ea1n m\u1ee9c cao.<\/p>\n<\/li>\n<li data-start=\"2830\" data-end=\"2897\">\n<p data-start=\"2832\" data-end=\"2897\">\ud83d\udd04 Ho\u00e0n tr\u1ea3 h\u00e0ng ng\u00e0y t\u1eeb\u00a0<strong data-start=\"2857\" data-end=\"2870\">1% \u2013 3,5%<\/strong>, kh\u00f4ng gi\u1edbi h\u1ea1n v\u00f2ng c\u01b0\u1ee3c.<\/p>\n<\/li>\n<li data-start=\"2898\" data-end=\"2955\">\n<p data-start=\"2900\" data-end=\"2955\">\ud83c\udfa1 V\u00f2ng quay may m\u1eafn h\u00e0ng tu\u1ea7n v\u1edbi gi\u1ea3i th\u01b0\u1edfng gi\u00e1 tr\u1ecb.<\/p>\n<\/li>\n<li data-start=\"2956\" data-end=\"3015\">\n<p data-start=\"2958\" data-end=\"3015\">\ud83d\udc51 Ch\u00ednh s\u00e1ch\u00a0<strong data-start=\"2972\" data-end=\"2979\">VIP<\/strong>\u00a0c\u00f9ng \u0111\u1eb7c quy\u1ec1n v\u00e0 qu\u00e0 t\u1eb7ng \u0111\u1ecbnh k\u1ef3.<\/p>\n<\/li>\n<\/ul>\n<p data-start=\"3017\" data-end=\"3200\">\ud83d\udc49\u00a0<strong>CM88<\/strong>\u00a0kh\u00f4ng ch\u1ec9 l\u00e0 m\u1ed9t n\u1ec1n t\u1ea3ng c\u00e1 c\u01b0\u1ee3c m\u1edbi, m\u00e0 c\u00f2n l\u00e0 l\u1ef1a ch\u1ecdn gi\u1ea3i tr\u00ed tr\u1ef1c tuy\u1ebfn \u0111\u01b0\u1ee3c x\u00e2y d\u1ef1ng theo ti\u00eau chu\u1ea9n hi\u1ec7n \u0111\u1ea1i, h\u01b0\u1edbng \u0111\u1ebfn tr\u1ea3i nghi\u1ec7m l\u00e2u d\u00e0i v\u00e0 b\u1ec1n v\u1eefng cho ng\u01b0\u1eddi ch\u01a1i.<\/p>\n<\/div>\n\t\t<\/div>\n\t\t\t\t\t<\/div>\n\n\t\n<\/div>\n\t\t<\/div>\n\n\t\t\n<style>\n#section_1162457097 {\n  padding-top: 30px;\n  padding-bottom: 30px;\n}\n<\/style>\n\t<\/section>\n\t\n","protected":false},"excerpt":{"rendered":"","protected":false},"author":1,"featured_media":0,"parent":0,"menu_order":0,"comment_status":"closed","ping_status":"closed","template":"page-blank.php","meta":{"footnotes":""},"class_list":["post-42","page","type-page","status-publish","hentry"],"_links":{"self":[{"href":"https:\/\/cm88k.site\/index.php\/wp-json\/wp\/v2\/pages\/42","targetHints":{"allow":["GET"]}}],"collection":[{"href":"https:\/\/cm88k.site\/index.php\/wp-json\/wp\/v2\/pages"}],"about":[{"href":"https:\/\/cm88k.site\/index.php\/wp-json\/wp\/v2\/types\/page"}],"author":[{"embeddable":true,"href":"https:\/\/cm88k.site\/index.php\/wp-json\/wp\/v2\/users\/1"}],"replies":[{"embeddable":true,"href":"https:\/\/cm88k.site\/index.php\/wp-json\/wp\/v2\/comments?post=42"}],"version-history":[{"count":9,"href":"https:\/\/cm88k.site\/index.php\/wp-json\/wp\/v2\/pages\/42\/revisions"}],"predecessor-version":[{"id":61,"href":"https:\/\/cm88k.site\/index.php\/wp-json\/wp\/v2\/pages\/42\/revisions\/61"}],"wp:attachment":[{"href":"https:\/\/cm88k.site\/index.php\/wp-json\/wp\/v2\/media?parent=42"}],"curies":[{"name":"wp","href":"https:\/\/api.w.org\/{rel}","templated":true}]}}